{"id":101,"date":"2013-09-26T14:00:41","date_gmt":"2013-09-26T12:00:41","guid":{"rendered":"http:\/\/slow.at\/?page_id=101"},"modified":"2016-02-05T20:39:47","modified_gmt":"2016-02-05T18:39:47","slug":"wiener-markte","status":"publish","type":"page","link":"https:\/\/slow.at\/?page_id=101","title":{"rendered":"Wiener M\u00e4rkte"},"content":{"rendered":"<p><a href=\"http:\/\/slow.at\/?attachment_id=112\" rel=\"attachment wp-att-112\"><img loading=\"lazy\" decoding=\"async\" class=\"alignnone size-full wp-image-112\" src=\"http:\/\/slow.at\/wp-content\/uploads\/2013\/09\/marktwagen.jpg\" alt=\"marktwagen\" width=\"250\" height=\"166\" srcset=\"https:\/\/slow.at\/wp-content\/uploads\/2013\/09\/marktwagen.jpg 250w, https:\/\/slow.at\/wp-content\/uploads\/2013\/09\/marktwagen-150x99.jpg 150w\" sizes=\"auto, (max-width: 250px) 100vw, 250px\" \/><\/a><\/p>\n<p><strong>kaes.at in Wien &#8211; Bester \u00d6sterreichischer und Schweizer Rohmilchk\u00e4se am Karmelitermarkt und am Naschmarkt:<\/strong><\/p>\n<p><strong>Karmelitermarkt:<\/strong><\/p>\n<p>Im Werd; 1020 Wien.<\/p>\n<p>Den gelben kaes.at Stand finden Sie am jeden Samstag zwischen 8 und 13 Uhr unter der Slow Food Wien Markise, in der Mitte vom Karmelitermarkt.<\/p>\n<p><a title=\"kaes.at am Karmelitermarkt\" href=\"https:\/\/www.google.at\/maps\/place\/48\u00b013'02.5%22N+16\u00b022'36.5%22E\/@48.2173592,16.359296,4884m\/data=!3m2!1e3!4b1!4m2!3m1!1s0x0:0x0\" target=\"_blank\">-&gt; \u00d6ffnen der genauen\u00a0Lage auf Google Maps &#8211;\u00a048\u00b013&#8217;02.5&#8243;N 16\u00b022&#8217;36.5&#8243;E<\/a><\/p>\n<p><strong>Naschmarkt:<\/strong><\/p>\n<p>Rechte Wienzeile,\u00a01040 Wien<\/p>\n<p>Am Samstag zwischen 8 und 14 Uhr sind wir mit unserem K\u00e4sewagen im Bauernmarktbereich (n\u00e4he U4 Station Kettenbr\u00fcckengasse zu finden).<\/p>\n<p><a title=\"kaes.at am Naschmarkt\" href=\"https:\/\/www.google.at\/maps\/place\/48%C2%B011'49.5%22N+16%C2%B021'36.7%22E\/@48.197079,16.3596588,162m\/data=!3m2!1e3!4b1!4m2!3m1!1s0x0:0x0\" target=\"_blank\">-&gt; \u00d6ffnen der genauen\u00a0Lage auf Google Maps &#8211; 48\u00b011&#8217;49.5&#8243;N 16\u00b021&#8217;36.7&#8243;E.<\/a><\/p>\n<p><strong>Brunnenmarkt\/Yppenplatz:\u00a0<\/strong><\/p>\n<p>Ecke Schellhammergasse\/Brunnengasse, 1160 Wien<\/p>\n<p>Am Samstag, zwischen 8 und 13 Uhr direkt vom dem Staud&#8217;s Pavillion.<\/p>\n<p><a title=\"kaes.at am Yppenplatz\" href=\"https:\/\/www.google.at\/maps\/place\/48%C2%B012'47.9%22N+16%C2%B020'10.8%22E\/@48.213298,16.3357798,162m\/data=!3m2!1e3!4b1!4m2!3m1!1s0x0:0x0\" target=\"_blank\">-&gt; \u00d6ffnen der genauen\u00a0Lage auf Google Maps &#8211; 48\u00b012&#8217;47.9&#8243;N 16\u00b020&#8217;10.8&#8243;E.<\/a><\/p>\n","protected":false},"excerpt":{"rendered":"<p>kaes.at in Wien &#8211; Bester \u00d6sterreichischer und Schweizer Rohmilchk\u00e4se am Karmelitermarkt und am Naschmarkt: Karmelitermarkt: [&#038;hellip<\/p>\n","protected":false},"author":1,"featured_media":87,"parent":0,"menu_order":0,"comment_status":"closed","ping_status":"closed","template":"","meta":{"footnotes":""},"class_list":["post-101","page","type-page","status-publish","has-post-thumbnail","hentry"],"_links":{"self":[{"href":"https:\/\/slow.at\/index.php?rest_route=\/wp\/v2\/pages\/101","targetHints":{"allow":["GET"]}}],"collection":[{"href":"https:\/\/slow.at\/index.php?rest_route=\/wp\/v2\/pages"}],"about":[{"href":"https:\/\/slow.at\/index.php?rest_route=\/wp\/v2\/types\/page"}],"author":[{"embeddable":true,"href":"https:\/\/slow.at\/index.php?rest_route=\/wp\/v2\/users\/1"}],"replies":[{"embeddable":true,"href":"https:\/\/slow.at\/index.php?rest_route=%2Fwp%2Fv2%2Fcomments&post=101"}],"version-history":[{"count":13,"href":"https:\/\/slow.at\/index.php?rest_route=\/wp\/v2\/pages\/101\/revisions"}],"predecessor-version":[{"id":199,"href":"https:\/\/slow.at\/index.php?rest_route=\/wp\/v2\/pages\/101\/revisions\/199"}],"wp:featuredmedia":[{"embeddable":true,"href":"https:\/\/slow.at\/index.php?rest_route=\/wp\/v2\/media\/87"}],"wp:attachment":[{"href":"https:\/\/slow.at\/index.php?rest_route=%2Fwp%2Fv2%2Fmedia&parent=101"}],"curies":[{"name":"wp","href":"https:\/\/api.w.org\/{rel}","templated":true}]}}